{"id":7,"date":"2013-03-09T18:54:23","date_gmt":"2013-03-09T18:54:23","guid":{"rendered":"http:\/\/bjerghytten.dk\/?page_id=4"},"modified":"2023-12-21T00:06:24","modified_gmt":"2023-12-21T00:06:24","slug":"om-bjerghytten","status":"publish","type":"page","link":"https:\/\/bjerghytten.allinitis.live\/index.php\/om-bjerghytten\/","title":{"rendered":"Om Bjerghytten"},"content":{"rendered":"\n<p>Bjerghytten er en 203 m2 stor tr\u00e6hytte med 32 sovepladser beliggende p\u00e5 en stor grund i natursk\u00f8nne omgivelser mellem Ringsted og Borup. Hytten er ejet af De Gr\u00f8nne Pigespejdere i Ringsted Kommune og kan lejes af spejdere, foreninger, b\u00f8rnehaver, skoler og lignende.<\/p>\n\n\n\n<figure class=\"wp-block-image size-large\"><img loading=\"lazy\" decoding=\"async\" width=\"1024\" height=\"640\" src=\"https:\/\/bjerghytten.allinitis.live\/wp-content\/uploads\/2023\/12\/floorplan-square-top-1920-1024x640.webp\" alt=\"\" class=\"wp-image-753\" srcset=\"https:\/\/bjerghytten.allinitis.live\/wp-content\/uploads\/2023\/12\/floorplan-square-top-1920-1024x640.webp 1024w, https:\/\/bjerghytten.allinitis.live\/wp-content\/uploads\/2023\/12\/floorplan-square-top-1920-300x188.webp 300w, https:\/\/bjerghytten.allinitis.live\/wp-content\/uploads\/2023\/12\/floorplan-square-top-1920-768x480.webp 768w, https:\/\/bjerghytten.allinitis.live\/wp-content\/uploads\/2023\/12\/floorplan-square-top-1920-1536x960.webp 1536w, https:\/\/bjerghytten.allinitis.live\/wp-content\/uploads\/2023\/12\/floorplan-square-top-1920.webp 1920w\" sizes=\"(max-width: 1024px) 100vw, 1024px\" \/><\/figure>\n\n\n\n<p>Hytten best\u00e5r af en stor opholdsstue\/spisesal, k\u00f8kken, 4 soverum med hhv. 12, 8, 8 og 4 sovepladser, 2 baderum, 2 toiletter samt 1 handicaptoilet. Der forefindes service til 40 personer. I k\u00f8kkenet er der 2 komfurer, opvaskemaskine samt k\u00f8leskab og fryser. Der skal medbringes h\u00e5ndkl\u00e6der, viskestykker, karklude og toiletpapir samt lagen til madrasserne i k\u00f8jerne. <a href=\"http:\/\/bjerghytten.dk\/wp-content\/uploads\/Grundplan.jpg\">Plantegning over Bjerghytten kan ses her.<\/a>&nbsp;Soverum 1 og 2 har begge 8 sovepladser. Soverum 3 har 12 sovepladser og soverum 4 (lederrum) har 4 sovepladser.<\/p>\n\n\n\n<p>Der er installeret Wi-Fi i Bjerghytten. Hytten opvarmes med el-radiatorer og varmepumpe.\u00a0<\/p>\n\n\n\n<figure class=\"wp-block-image size-large\"><img loading=\"lazy\" decoding=\"async\" width=\"1024\" height=\"640\" src=\"https:\/\/bjerghytten.allinitis.live\/wp-content\/uploads\/2023\/12\/floorplan-insaide-fun-1-1024x640.jpg\" alt=\"\" class=\"wp-image-766\" srcset=\"https:\/\/bjerghytten.allinitis.live\/wp-content\/uploads\/2023\/12\/floorplan-insaide-fun-1-1024x640.jpg 1024w, https:\/\/bjerghytten.allinitis.live\/wp-content\/uploads\/2023\/12\/floorplan-insaide-fun-1-300x188.jpg 300w, https:\/\/bjerghytten.allinitis.live\/wp-content\/uploads\/2023\/12\/floorplan-insaide-fun-1-768x480.jpg 768w, https:\/\/bjerghytten.allinitis.live\/wp-content\/uploads\/2023\/12\/floorplan-insaide-fun-1-1536x960.jpg 1536w, https:\/\/bjerghytten.allinitis.live\/wp-content\/uploads\/2023\/12\/floorplan-insaide-fun-1.jpg 1920w\" sizes=\"(max-width: 1024px) 100vw, 1024px\" \/><\/figure>\n\n\n\n<p>Den 12.000 m2 store naturgrund har et sp\u00e6ndende og kuperet terr\u00e6n og er omkranset af hegn. P\u00e5 grunden findes rafter, b\u00e5lplads, br\u00e6nde og en shelter til 6 personer. Der er ogs\u00e5 mulighed for teltslagning. F\u00e6rdsel m\u00e5 foreg\u00e5 p\u00e5 offentlige vej og stier og p\u00e5 Bjerghyttens grund, men ikke p\u00e5 de omkringliggende privat ejede arealer.<\/p>\n\n\n\n<p>Adressen er Bjergvej 89, 4100 Ringsted<\/p>\n\n\n\t\t<div id=\"wpmapblock_fddd4ed2\" data-settings='{&quot;map_marker&quot;:[{&quot;lat&quot;:&quot;55.4956&quot;,&quot;lng&quot;:&quot;11.9303&quot;,&quot;title&quot;:&quot;Bjergvej 89, 4100 Ringsted&quot;,&quot;content&quot;:&quot;&quot;,&quot;iconType&quot;:&quot;default&quot;,&quot;customIconUrl&quot;:&quot;&quot;,&quot;customIconWidth&quot;:&quot;25&quot;,&quot;customIconHeight&quot;:&quot;40&quot;}],&quot;map_zoom&quot;:10,&quot;scroll_wheel_zoom&quot;:&quot;1&quot;,&quot;map_type&quot;:&quot;OSM&quot;,&quot;center_index&quot;:0}' class=\"wpmapblockrender\" style=\"\n\t\t\twidth: 100%;\n\t\t\theight: 500px;\n\t\t\"><\/div>\n        \n\n\n<p>Bus 408 k\u00f8rer lige til d\u00f8ren fra Borup og Ringsted Station.<\/p>\n\n\n\n<p>L\u00e6s i \u00f8vrigt ordensreglerne for Bjerghytten&nbsp;her: <a href=\"http:\/\/bjerghytten.dk\/wp-content\/uploads\/Ordensregler-2023.pdf\">Ordensregler-2023<\/a><\/p>\n\n\n\t<div>\r\n\t\t<div class='wp-block-lbb-lightbox  align' id='lbbLightBox-18af6c00-6' data-attributes='{&quot;cId&quot;:&quot;18af6c00-6&quot;,&quot;lightboxType&quot;:&quot;gallery&quot;,&quot;items&quot;:[{&quot;type&quot;:&quot;image&quot;,&quot;thumbnail&quot;:&quot;https:\\\/\\\/bblockswp.com\\\/wp-content\\\/demo\\\/img\\\/green-hill.jpg&quot;,&quot;content&quot;:&quot;http:\\\/\\\/bjerghytten.allinitis.live\\\/wp-content\\\/uploads\\\/2023\\\/07\\\/IMG_4225.jpg&quot;,&quot;caption&quot;:&quot;&quot;},{&quot;type&quot;:&quot;image&quot;,&quot;thumbnail&quot;:&quot;https:\\\/\\\/bblockswp.com\\\/wp-content\\\/demo\\\/img\\\/green-hill.jpg&quot;,&quot;content&quot;:&quot;http:\\\/\\\/bjerghytten.allinitis.live\\\/wp-content\\\/uploads\\\/2023\\\/07\\\/IMG_4229.jpg&quot;},{&quot;type&quot;:&quot;image&quot;,&quot;thumbnail&quot;:&quot;https:\\\/\\\/bblockswp.com\\\/wp-content\\\/demo\\\/img\\\/green-hill.jpg&quot;,&quot;content&quot;:&quot;http:\\\/\\\/bjerghytten.allinitis.live\\\/wp-content\\\/uploads\\\/2023\\\/07\\\/IMG_0273.jpg&quot;},{&quot;type&quot;:&quot;image&quot;,&quot;thumbnail&quot;:&quot;https:\\\/\\\/bblockswp.com\\\/wp-content\\\/demo\\\/img\\\/green-hill.jpg&quot;,&quot;content&quot;:&quot;http:\\\/\\\/bjerghytten.allinitis.live\\\/wp-content\\\/uploads\\\/2023\\\/07\\\/IMG_0274.jpg&quot;},{&quot;type&quot;:&quot;image&quot;,&quot;thumbnail&quot;:&quot;https:\\\/\\\/bblockswp.com\\\/wp-content\\\/demo\\\/img\\\/green-hill.jpg&quot;,&quot;content&quot;:&quot;http:\\\/\\\/bjerghytten.allinitis.live\\\/wp-content\\\/uploads\\\/2023\\\/12\\\/floorplan-insaide-fun.jpg&quot;},{&quot;type&quot;:&quot;image&quot;,&quot;thumbnail&quot;:&quot;https:\\\/\\\/bblockswp.com\\\/wp-content\\\/demo\\\/img\\\/green-hill.jpg&quot;,&quot;content&quot;:&quot;http:\\\/\\\/bjerghytten.allinitis.live\\\/wp-content\\\/uploads\\\/2023\\\/12\\\/floorplan-square-top-1920.webp&quot;}],&quot;align&quot;:&quot;&quot;,&quot;layout&quot;:&quot;default&quot;,&quot;columns&quot;:{&quot;desktop&quot;:3,&quot;tablet&quot;:2,&quot;mobile&quot;:1},&quot;columnGap&quot;:&quot;25px&quot;,&quot;rowGap&quot;:&quot;25px&quot;,&quot;content&quot;:{&quot;caption&quot;:false,&quot;overlyColor&quot;:false},&quot;button&quot;:{&quot;icon&quot;:{&quot;class&quot;:&quot;fab fa-wordpress&quot;},&quot;text&quot;:&quot;Image&quot;},&quot;galleryIcon&quot;:true,&quot;popupOptions&quot;:{&quot;mixAllData&quot;:false},&quot;popupIconLeft&quot;:{&quot;infobar&quot;:true},&quot;popupIconMiddle&quot;:{&quot;zoomIn&quot;:true,&quot;zoomOut&quot;:true,&quot;toggle1to1&quot;:false,&quot;rotateCCW&quot;:false,&quot;rotateCW&quot;:false,&quot;flipX&quot;:false,&quot;flipY&quot;:false,&quot;fullscreen&quot;:true},&quot;popupIconRight&quot;:{&quot;twitter&quot;:false,&quot;facebook&quot;:false,&quot;download&quot;:false,&quot;slideshow&quot;:true,&quot;thumbs&quot;:true,&quot;close&quot;:true},&quot;thumb&quot;:{&quot;type&quot;:&quot;classic&quot;,&quot;showOnStart&quot;:true,&quot;minCount&quot;:2},&quot;slideShow&quot;:{&quot;playOnStart&quot;:false,&quot;timeout&quot;:3000},&quot;options&quot;:{&quot;wheel&quot;:&quot;zoom&quot;,&quot;transition&quot;:&quot;fade&quot;},&quot;controls&quot;:{&quot;play-large&quot;:true,&quot;restart&quot;:false,&quot;rewind&quot;:true,&quot;play&quot;:true,&quot;fast-forward&quot;:true,&quot;progress&quot;:true,&quot;current-time&quot;:false,&quot;duration&quot;:false,&quot;mute&quot;:false,&quot;volume&quot;:true,&quot;pip&quot;:false,&quot;airplay&quot;:false,&quot;settings&quot;:false,&quot;download&quot;:false,&quot;fullscreen&quot;:true},&quot;playerColor&quot;:&quot;#03a5ed&quot;,&quot;overlyColor&quot;:&quot;#00000061&quot;,&quot;img&quot;:{&quot;animation&quot;:&quot;zoomIn&quot;,&quot;borderRadius&quot;:5},&quot;image&quot;:{&quot;ratio&quot;:&quot;4:3&quot;},&quot;imgBorder&quot;:{&quot;color&quot;:&quot;#4527a4&quot;,&quot;style&quot;:&quot;solid&quot;,&quot;width&quot;:&quot;0px&quot;},&quot;caption&quot;:{&quot;position&quot;:&quot;overlyCenter&quot;},&quot;captionTypo&quot;:{&quot;fontSize&quot;:{&quot;desktop&quot;:16,&quot;tablet&quot;:15,&quot;mobile&quot;:14},&quot;fontWeight&quot;:500,&quot;lineHeight&quot;:&quot;135%&quot;},&quot;captionColors&quot;:{&quot;color&quot;:&quot;#fff&quot;,&quot;bg&quot;:&quot;#00000000&quot;},&quot;btnTypo&quot;:{&quot;fontSize&quot;:{&quot;desktop&quot;:18,&quot;tablet&quot;:15,&quot;mobile&quot;:14},&quot;fontWeight&quot;:500,&quot;lineHeight&quot;:&quot;100%&quot;},&quot;btnWidth&quot;:&quot;&quot;,&quot;btnHeight&quot;:&quot;&quot;,&quot;btnAlign&quot;:&quot;left&quot;,&quot;btnType&quot;:&quot;&quot;,&quot;btnStyle&quot;:&quot;&quot;,&quot;btnColors&quot;:{&quot;color&quot;:&quot;#4527a4&quot;,&quot;bg&quot;:&quot;#fff&quot;},&quot;btnHovColors&quot;:{&quot;color&quot;:&quot;#333&quot;,&quot;bg&quot;:&quot;#fff&quot;},&quot;btnPadding&quot;:{&quot;top&quot;:&quot;8px&quot;,&quot;right&quot;:&quot;15px&quot;,&quot;bottom&quot;:&quot;8px&quot;,&quot;left&quot;:&quot;15px&quot;},&quot;btnBorder&quot;:{&quot;color&quot;:&quot;#4527a4&quot;,&quot;style&quot;:&quot;solid&quot;,&quot;width&quot;:&quot;1px&quot;},&quot;btnRadius&quot;:{&quot;top&quot;:&quot;3px&quot;,&quot;right&quot;:&quot;3px&quot;,&quot;bottom&quot;:&quot;3px&quot;,&quot;left&quot;:&quot;3px&quot;},&quot;btnSpaceBetween&quot;:&quot;10px&quot;,&quot;styles&quot;:&quot;&quot;}' data-content-indexs=\"[]\"><\/div>\r\n\r\n            \r\n\t    <\/div>\r\n\t\t","protected":false},"excerpt":{"rendered":"<div class=\"entry-summary\">\n<div class=\"entry-summary\">\nBjerghytten er en 203 m2 stor tr\u00e6hytte med 32 sovepladser beliggende p\u00e5&hellip;\n<\/div>\n<div class=\"link-more\"><a href=\"https:\/\/bjerghytten.allinitis.live\/index.php\/om-bjerghytten\/\" class=\"more-link\">Continue reading<span class=\"screen-reader-text\"> &ldquo;Om Bjerghytten&rdquo;<\/span>&hellip;<\/a><\/div>\n<\/div>\n<div class=\"link-more\"><a href=\"https:\/\/bjerghytten.allinitis.live\/index.php\/om-bjerghytten\/\" class=\"more-link\">Continue reading<span class=\"screen-reader-text\"> &ldquo;Om Bjerghytten&rdquo;<\/span>&hellip;<\/a><\/div>\n","protected":false},"author":2,"featured_media":0,"parent":0,"menu_order":0,"comment_status":"closed","ping_status":"closed","template":"","meta":{"footnotes":""},"acf":[],"_links":{"self":[{"href":"https:\/\/bjerghytten.allinitis.live\/index.php\/wp-json\/wp\/v2\/pages\/7"}],"collection":[{"href":"https:\/\/bjerghytten.allinitis.live\/index.php\/wp-json\/wp\/v2\/pages"}],"about":[{"href":"https:\/\/bjerghytten.allinitis.live\/index.php\/wp-json\/wp\/v2\/types\/page"}],"author":[{"embeddable":true,"href":"https:\/\/bjerghytten.allinitis.live\/index.php\/wp-json\/wp\/v2\/users\/2"}],"replies":[{"embeddable":true,"href":"https:\/\/bjerghytten.allinitis.live\/index.php\/wp-json\/wp\/v2\/comments?post=7"}],"version-history":[{"count":44,"href":"https:\/\/bjerghytten.allinitis.live\/index.php\/wp-json\/wp\/v2\/pages\/7\/revisions"}],"predecessor-version":[{"id":794,"href":"https:\/\/bjerghytten.allinitis.live\/index.php\/wp-json\/wp\/v2\/pages\/7\/revisions\/794"}],"wp:attachment":[{"href":"https:\/\/bjerghytten.allinitis.live\/index.php\/wp-json\/wp\/v2\/media?parent=7"}],"curies":[{"name":"wp","href":"https:\/\/api.w.org\/{rel}","templated":true}]}}