{"id":50,"date":"2013-03-11T14:07:06","date_gmt":"2013-03-11T14:07:06","guid":{"rendered":"http:\/\/bjerghytten.dk\/?page_id=50"},"modified":"2013-03-11T14:07:06","modified_gmt":"2013-03-11T14:07:06","slug":"faciliteter","status":"publish","type":"page","link":"https:\/\/bjerghytten.allinitis.live\/index.php\/faciliteter\/","title":{"rendered":"Udflugter"},"content":{"rendered":"<p>I n\u00e6romr\u00e5det findes mange udflugtsmuligheder:<\/p>\n<p><strong>Ringsted Oplevelsessti<\/strong><br \/>\nRingsted Oplevelsessti er en 25 km lang natur- og aktivitetssti. Stien tager dig igennem vidt forskellige landskaber, og der er et v\u00e6ld af naturoplevelser, aktiviteter og sev\u00e6rdigheder langs stien.<br \/>\n<a href=\"https:\/\/www.visitringsted.dk\/ringsted\/ringsted-oplevelsessti-3\" target=\"_blank\" rel=\"noopener\">L\u00e6s mere p\u00e5 hjemmesiden<\/a><\/p>\n<p><strong>Roseng\u00e5rdsstien<\/strong><br \/>\nStien er en rundtur mellem Vigersted og Kv\u00e6rkeby p\u00e5 7 km i natursk\u00f8nt omr\u00e5de. <a href=\"https:\/\/www.visitringsted.dk\/sites\/default\/files\/asp\/visitringsted\/PDF\/rosengaardstien.pdf\" target=\"_blank\" rel=\"noopener\">L\u00e6s mere i denne brochure<\/a><\/p>\n<p><strong>Regnemarks Banke<\/strong><br \/>\nOgs\u00e5 kendt som Regnemarks Mose. Her er is\u00e6r \u201dDyndet\u201d kendt som et elsket udflugtssted, hvor trakt\u00f8rstedet \u201dMalerklemmen\u201d lidt nord for fredningen tiltr\u00e6kker mange turister og selskaber, som ogs\u00e5 lige skal hen og bes\u00f8ge \u201dDen Gamle Thehandel\u201d n\u00e6r den udgravede grusgravss\u00f8 \u201dBades\u00f8en\u201d ved L\u00f8gtebanke.<br \/>\n<a href=\"http:\/\/www.fredninger.dk\/fredning\/regnemarks-mose\/\" target=\"_blank\" rel=\"noopener\">L\u00e6s mere p\u00e5 hjemmesiden<\/a><\/p>\n<p><strong>Humleore Skov<\/strong><br \/>\nHumleore skov ligger lige rundt om hj\u00f8rnet og her kan man som bes\u00f8gende nyde skov og mark og den friske luft p\u00e5 alle tider af \u00e5ret. Ved arrangementer for grupper skal der s\u00f8ges tilladelse hos: Skovfoged Ulrich Bruus Madsen, Ejdamsvej 27, 4140 Borup &#8211; tlf. 5752 5030.<br \/>\n<a href=\"http:\/\/www.humleoreskovdistrikt.dk\/events.html\" target=\"_blank\" rel=\"noopener\">L\u00e6s mere p\u00e5 hjemmesiden<\/a><\/p>\n<p><strong>Landsbykirkerne<br \/>\n<\/strong>Kirkerne i Vigersted og Kv\u00e6rkeby er typiske danske landsbykirker med mange kalkmalerier:<br \/>\n<a href=\"https:\/\/www.visitringsted.dk\/vigersted-kirke-gdk619971\" target=\"_blank\" rel=\"noopener\">Vigersted Kirke<\/a><br \/>\n<a href=\"https:\/\/www.visitringsted.dk\/kvaerkeby-kirke-gdk619919\" target=\"_blank\" rel=\"noopener\">Kv\u00e6rkeby Kirke<\/a><\/p>\n<p><strong>Sporvejsmuseet ved Skjolden\u00e6sholm<\/strong><br \/>\nP\u00e5 museet, der er beliggende ved Jystrup mellem Ringsted og Roskilde i det natursk\u00f8nne Midtsj\u00e6lland, trafikerer sporvogne fra K\u00f8benhavn, Odense og Aarhus 2 sporvejsstr\u00e6kninger sammen med flere udenlandsske sporvogne. I n\u00e6rheden ligger ogs\u00e5 Gyldenl\u00f8vesh\u00f8j, som er Sj\u00e6llands h\u00f8jeste punkt.<br \/>\nS\u00e6son fra maj til oktober. Se mere p\u00e5 deres hjemmeside:<br \/>\n<a href=\"http:\/\/www.sporvejsmuseet.dk\/\" target=\"_blank\" rel=\"noopener\">www.sporvejsmuseet.dk\/<\/a><\/p>\n<p><strong>Haraldsted S\u00f8 og Knud Lavards kapel<\/strong><br \/>\nHaraldsted s\u00f8 er en bades\u00f8 og har gennem de sidste 22 \u00e5r v\u00e6ret Bl\u00e5 Flag strand. Stranden har ogs\u00e5 f\u00e5et en badebro og en flydeponton, som man kan sv\u00f8mme ud til. <a href=\"https:\/\/www.visitringsted.dk\/haraldsted-soe-blaa-flag-strand-gdk619927\" target=\"_blank\" rel=\"noopener\">L\u00e6s mere her.<\/a><br \/>\nVed Haraldsted s\u00f8 findes ogs\u00e5 ruinerne af Knud Lavards kapel. <a href=\"https:\/\/www.visitringsted.dk\/knud-lavards-kapel-gdk619926\" target=\"_blank\" rel=\"noopener\">L\u00e6s mere om Knud Lavard<\/a><\/p>\n<p><strong>Ringsted<\/strong><br \/>\nI Ringsted findes mange attraktioner og oplevelser. Bes\u00f8g blandt andet Sct. Bendts Kirke, Ringsted Museum, sv\u00f8mmehallen, Ringsted Outlet eller radiomuseet. Forslag til attraktioner findes p\u00e5 <a href=\"https:\/\/www.visitringsted.dk\/danmark\/top-ti-hvad-kan-jeg-opleve-i-ringsted\" target=\"_blank\" rel=\"noopener\">Visit Ringsteds hjemmeside.<\/a><\/p>\n<p><strong>Kv\u00e6rkeby fuglereservat<\/strong><br \/>\nKv\u00e6rkeby Fuglereservat er oprettet i 1970 og omfatter i dag godt 9 hektar. Fuglereservatet best\u00e5r af et eng- og moseomr\u00e5de samt en grusgrav. Der er 151 fuglearter, hvoraf 64 har ynglet. Bes\u00f8g KUN efter aftale. Se mere p\u00e5 hjemmesiden:<br \/>\n<a href=\"http:\/\/fuglereservat.dk\/\" target=\"_blank\" rel=\"noopener\">http:\/\/fuglereservat.dk\/<\/a><\/p>\n<p>&nbsp;<\/p>\n<p><strong>Forslag til heldagsudflugter:<\/strong><br \/>\n<a href=\"http:\/\/www.sagnlandet.dk\/\" target=\"_blank\" rel=\"noopener\">Sagnlandet Lejre<\/a><br \/>\n<a href=\"https:\/\/www.visitringsted.dk\/sites\/default\/files\/asp\/visitringsted\/PDF\/cab_susaa_folder_til_web.pdf\" target=\"_blank\" rel=\"noopener\">Kanotur p\u00e5 Sus\u00e5en<\/a><br \/>\n<a href=\"https:\/\/www.vikingeskibsmuseet.dk\/\" target=\"_blank\" rel=\"noopener\">Vikingeskibsmuseet i Roskilde<\/a><\/p>\n","protected":false},"excerpt":{"rendered":"<div class=\"entry-summary\">\n<div class=\"entry-summary\">\nI n\u00e6romr\u00e5det findes mange udflugtsmuligheder: Ringsted Oplevelsessti Ringsted Oplevelsessti er en 25&hellip;\n<\/div>\n<div class=\"link-more\"><a href=\"https:\/\/bjerghytten.allinitis.live\/index.php\/faciliteter\/\" class=\"more-link\">Continue reading<span class=\"screen-reader-text\"> &ldquo;Udflugter&rdquo;<\/span>&hellip;<\/a><\/div>\n<\/div>\n<div class=\"link-more\"><a href=\"https:\/\/bjerghytten.allinitis.live\/index.php\/faciliteter\/\" class=\"more-link\">Continue reading<span class=\"screen-reader-text\"> &ldquo;Udflugter&rdquo;<\/span>&hellip;<\/a><\/div>\n","protected":false},"author":2,"featured_media":0,"parent":0,"menu_order":0,"comment_status":"open","ping_status":"closed","template":"template-full.php","meta":{"footnotes":""},"acf":[],"_links":{"self":[{"href":"https:\/\/bjerghytten.allinitis.live\/index.php\/wp-json\/wp\/v2\/pages\/50"}],"collection":[{"href":"https:\/\/bjerghytten.allinitis.live\/index.php\/wp-json\/wp\/v2\/pages"}],"about":[{"href":"https:\/\/bjerghytten.allinitis.live\/index.php\/wp-json\/wp\/v2\/types\/page"}],"author":[{"embeddable":true,"href":"https:\/\/bjerghytten.allinitis.live\/index.php\/wp-json\/wp\/v2\/users\/2"}],"replies":[{"embeddable":true,"href":"https:\/\/bjerghytten.allinitis.live\/index.php\/wp-json\/wp\/v2\/comments?post=50"}],"version-history":[{"count":0,"href":"https:\/\/bjerghytten.allinitis.live\/index.php\/wp-json\/wp\/v2\/pages\/50\/revisions"}],"wp:attachment":[{"href":"https:\/\/bjerghytten.allinitis.live\/index.php\/wp-json\/wp\/v2\/media?parent=50"}],"curies":[{"name":"wp","href":"https:\/\/api.w.org\/{rel}","templated":true}]}}