{"id":457,"date":"2023-06-11T18:21:04","date_gmt":"2023-06-11T18:21:04","guid":{"rendered":"https:\/\/bjerghytten.dk\/?page_id=457"},"modified":"2023-06-11T18:21:04","modified_gmt":"2023-06-11T18:21:04","slug":"baalhytte","status":"publish","type":"page","link":"https:\/\/bjerghytten.allinitis.live\/index.php\/baalhytte\/","title":{"rendered":"B\u00e5lhytte"},"content":{"rendered":"\n<div class=\"wp-block-media-text alignwide is-stacked-on-mobile\"><figure class=\"wp-block-media-text__media\"><img decoding=\"async\" src=\"https:\/\/bjerghytten.dk\/wp-content\/uploads\/DSC_0021-1024x681.jpg\" alt=\"\" class=\"wp-image-458 size-full\"\/><\/figure><div class=\"wp-block-media-text__content\">\n<p>I 2023 er der opf\u00f8rt en 70 m2 b\u00e5lhytte p\u00e5 den vestlige del af Bjerghyttens grund. B\u00e5lhytten kan frit benyttes af Bjerghyttens brugere &#8211; I skal bare passe godt p\u00e5 den !<\/p>\n\n\n\n<p>B\u00e5lhytten har et opmuret b\u00e5lsted i midten og kan bruges til udend\u00f8rs aktiviteter, madlavning, overnatning i h\u00e6ngek\u00f8je, mv.<\/p>\n\n\n\n<p>B\u00e5lhytten er opf\u00f8rt med st\u00f8tte fra Ringsted Kommune, Andel, Sydbank, Friluftsr\u00e5det, Lokale og Anl\u00e6gsfonden og frivillige for\u00e6ldre fra vores spejdergruppe.<\/p>\n<\/div><\/div>\n","protected":false},"excerpt":{"rendered":"<div class=\"entry-summary\">\n<div class=\"entry-summary\">\nI 2023 er der opf\u00f8rt en 70 m2 b\u00e5lhytte p\u00e5 den vestlige&hellip;\n<\/div>\n<div class=\"link-more\"><a href=\"https:\/\/bjerghytten.allinitis.live\/index.php\/baalhytte\/\" class=\"more-link\">Continue reading<span class=\"screen-reader-text\"> &ldquo;B\u00e5lhytte&rdquo;<\/span>&hellip;<\/a><\/div>\n<\/div>\n<div class=\"link-more\"><a href=\"https:\/\/bjerghytten.allinitis.live\/index.php\/baalhytte\/\" class=\"more-link\">Continue reading<span class=\"screen-reader-text\"> &ldquo;B\u00e5lhytte&rdquo;<\/span>&hellip;<\/a><\/div>\n","protected":false},"author":2,"featured_media":0,"parent":0,"menu_order":0,"comment_status":"closed","ping_status":"closed","template":"","meta":{"footnotes":""},"acf":[],"_links":{"self":[{"href":"https:\/\/bjerghytten.allinitis.live\/index.php\/wp-json\/wp\/v2\/pages\/457"}],"collection":[{"href":"https:\/\/bjerghytten.allinitis.live\/index.php\/wp-json\/wp\/v2\/pages"}],"about":[{"href":"https:\/\/bjerghytten.allinitis.live\/index.php\/wp-json\/wp\/v2\/types\/page"}],"author":[{"embeddable":true,"href":"https:\/\/bjerghytten.allinitis.live\/index.php\/wp-json\/wp\/v2\/users\/2"}],"replies":[{"embeddable":true,"href":"https:\/\/bjerghytten.allinitis.live\/index.php\/wp-json\/wp\/v2\/comments?post=457"}],"version-history":[{"count":0,"href":"https:\/\/bjerghytten.allinitis.live\/index.php\/wp-json\/wp\/v2\/pages\/457\/revisions"}],"wp:attachment":[{"href":"https:\/\/bjerghytten.allinitis.live\/index.php\/wp-json\/wp\/v2\/media?parent=457"}],"curies":[{"name":"wp","href":"https:\/\/api.w.org\/{rel}","templated":true}]}}