{"id":388,"date":"2023-04-24T12:18:58","date_gmt":"2023-04-24T12:18:58","guid":{"rendered":"https:\/\/bjerghytten.dk\/?page_id=388"},"modified":"2023-04-24T12:18:58","modified_gmt":"2023-04-24T12:18:58","slug":"shelter","status":"publish","type":"page","link":"https:\/\/bjerghytten.allinitis.live\/index.php\/shelter\/","title":{"rendered":"Shelter"},"content":{"rendered":"\n<div class=\"wp-block-media-text alignwide is-stacked-on-mobile\"><figure class=\"wp-block-media-text__media\"><img decoding=\"async\" src=\"http:\/\/bjerghytten.dk\/wp-content\/uploads\/IMG_4225.jpg\" alt=\"\" class=\"wp-image-407 size-full\"\/><\/figure><div class=\"wp-block-media-text__content\">\n<p>Shelter ved Bjerghytten<\/p>\n\n\n\n<p>Ved Bjerghytten, Bjergvej 89, 4100 Ringsted er der 1 shelter med plads til 6 personer.  <\/p>\n\n\n\n<p>Shelter kan ikke bookes, men er til fri afbenyttelse &#8211; <strong>men kun n\u00e5r Bjerghytten ikke er udlejet til anden side<\/strong>. Du kan se i kalenderen til h\u00f8jre p\u00e5 denne side, hvorn\u00e5r hytten er ledig.  <\/p>\n\n\n\n<p>Shelter benyttes efter f\u00f8rst-til-m\u00f8lle-princippet. Tag evt. telt eller tarp med, s\u00e5fremt shelter er optaget. Der er fri teltning p\u00e5 grunden, n\u00e5r Bjerghytten ikke er udlejet. For fri teltning g\u00e6lder 1-2-3-reglen: det vil sige max. 1 overnatning med 2 telte af 3-mandstypen.<\/p>\n\n\n\n<p id=\"shelter\">Der er adgang til vand ved hytten i sommerm\u00e5nederne (vandhanen findes p\u00e5 forsiden af hytten) og adgang til multtoilet \u00e5ret rundt. Br\u00e6nde finder du i br\u00e6ndeskuret  vest for hytten &#8211; overf\u00f8r 30 kr. p\u00e5 mobilepay  nr. 73475 hvis du bruger vores br\u00e6nde. <\/p>\n\n\n\n<p>Du finder vores shelter i det syd-vestligste hj\u00f8rne af grunden &#8211; l\u00e6ngst v\u00e6k fra hytten. <\/p>\n\n\n\n<p>For \u00f8vrige regler g\u00e6ldende for grunden henviser vi til vores almindelige ordensregler: <a href=\"https:\/\/bjerghytten.dk\/?page_id=214\" target=\"_blank\" rel=\"noreferrer noopener\">https:\/\/bjerghytten.dk\/?page_id=214<\/a><\/p>\n<\/div><\/div>\n","protected":false},"excerpt":{"rendered":"<div class=\"entry-summary\">\n<div class=\"entry-summary\">\nShelter ved Bjerghytten Ved Bjerghytten, Bjergvej 89, 4100 Ringsted er der 1&hellip;\n<\/div>\n<div class=\"link-more\"><a href=\"https:\/\/bjerghytten.allinitis.live\/index.php\/shelter\/\" class=\"more-link\">Continue reading<span class=\"screen-reader-text\"> &ldquo;Shelter&rdquo;<\/span>&hellip;<\/a><\/div>\n<\/div>\n<div class=\"link-more\"><a href=\"https:\/\/bjerghytten.allinitis.live\/index.php\/shelter\/\" class=\"more-link\">Continue reading<span class=\"screen-reader-text\"> &ldquo;Shelter&rdquo;<\/span>&hellip;<\/a><\/div>\n","protected":false},"author":2,"featured_media":0,"parent":0,"menu_order":0,"comment_status":"closed","ping_status":"closed","template":"","meta":{"footnotes":""},"acf":[],"_links":{"self":[{"href":"https:\/\/bjerghytten.allinitis.live\/index.php\/wp-json\/wp\/v2\/pages\/388"}],"collection":[{"href":"https:\/\/bjerghytten.allinitis.live\/index.php\/wp-json\/wp\/v2\/pages"}],"about":[{"href":"https:\/\/bjerghytten.allinitis.live\/index.php\/wp-json\/wp\/v2\/types\/page"}],"author":[{"embeddable":true,"href":"https:\/\/bjerghytten.allinitis.live\/index.php\/wp-json\/wp\/v2\/users\/2"}],"replies":[{"embeddable":true,"href":"https:\/\/bjerghytten.allinitis.live\/index.php\/wp-json\/wp\/v2\/comments?post=388"}],"version-history":[{"count":0,"href":"https:\/\/bjerghytten.allinitis.live\/index.php\/wp-json\/wp\/v2\/pages\/388\/revisions"}],"wp:attachment":[{"href":"https:\/\/bjerghytten.allinitis.live\/index.php\/wp-json\/wp\/v2\/media?parent=388"}],"curies":[{"name":"wp","href":"https:\/\/api.w.org\/{rel}","templated":true}]}}