{"id":217,"date":"2020-06-08T13:55:38","date_gmt":"2020-06-08T13:55:38","guid":{"rendered":"http:\/\/bjerghytten.dk\/?page_id=217"},"modified":"2020-06-08T13:55:38","modified_gmt":"2020-06-08T13:55:38","slug":"rengoering-af-bjerghytten-ved-afrejse","status":"publish","type":"page","link":"https:\/\/bjerghytten.allinitis.live\/index.php\/fra-ankomst-til-afrejse\/rengoering-af-bjerghytten-ved-afrejse\/","title":{"rendered":"Reng\u00f8ring af Bjerghytten ved afrejse"},"content":{"rendered":"<p>Alt udstyr til reng\u00f8ring findes i rummet bag k\u00f8kkenet. F\u00f8lgende skal reng\u00f8res ved afrejse:&nbsp;<\/p>\n<p><strong>Opholdsrum og gangarealer:<\/strong><br \/>\nSt\u00f8vsug eller fej gulve<br \/>\nSt\u00f8vsug eller ryst m\u00e5tter<br \/>\nVask gulve<br \/>\nAft\u00f8r borde<\/p>\n<p><strong>Badev\u00e6relser:<\/strong><br \/>\nSt\u00f8vsug eller fej gulve<br \/>\nVask gulve<br \/>\nT\u00f8m skraldespande<br \/>\nReng\u00f8r toilet ud- og indvendigt<br \/>\nPuds spejle<br \/>\nS\u00e6t nye poser i skraldespandene<\/p>\n<p><strong>K\u00f8kken:<\/strong><br \/>\nSt\u00f8vsug eller fej gulvet<br \/>\nSt\u00f8vsug eller ryst m\u00e5tte<br \/>\nVask gulve<br \/>\nAft\u00f8r borde<br \/>\nT\u00f8m k\u00f8leskab og fryser<br \/>\nAft\u00f8r k\u00f8leskab indvendigt<br \/>\nReng\u00f8r komfur og ovne<\/p>\n<p><strong>Udend\u00f8rs:<\/strong><br \/>\nRyd op og fjern affald<br \/>\nS\u00e6t rafter p\u00e5 plads i rafteg\u00e5rden<\/p>\n<p><strong>Alle soverum:<\/strong><br \/>\nSt\u00f8vsug eller fej gulve<br \/>\nVask gulve<br \/>\nRejs madrasserne op<br \/>\nT\u00f8m skraldespande<\/p>\n<p><strong>Affald:<\/strong><br \/>\nB\u00e6r alt affald ud i affaldsstativerne<br \/>\nAffald sorteres i gr\u00e5t\/rest, mad, pap\/papir, glas\/metal\/h\u00e5rd plast. Se skilte p\u00e5 l\u00e5gene af stativerne \u2013 der er ogs\u00e5 rum forneden.<br \/>\nStor bl\u00e5 container er til restaffald<\/p>\n<p><strong>El &amp; varme:<\/strong><br \/>\nLad k\u00f8leskab og fryser k\u00f8re<br \/>\nS\u00e6t varmepumpe p\u00e5 16\u00b0 vha. fjernbetjening<br \/>\nSluk for el-varmen p\u00e5 nul (se information p\u00e5 el-panel i lederrummet ved k\u00f8kkenet)<\/p>\n<p><strong>F\u00f8r afrejse:<\/strong><br \/>\nSluk alt lys indend\u00f8rs<br \/>\nSluk lys udend\u00f8rs (hovedd\u00f8r + terrasse)<br \/>\nLuk alle vinduer<br \/>\nL\u00e5s alle d\u00f8re<br \/>\nL\u00e6g n\u00f8glen tilbage i n\u00f8gleboksen og nulstil koden<\/p>\n<p>Bem\u00e6rk: Mangelfuld reng\u00f8ring vil blive modregnet depositum<\/p>\n<p>Reng\u00f8ringsskema til print kan hentes <a href=\"http:\/\/bjerghytten.dk\/wp-content\/uploads\/Reng\u00f8ring-af-Bjerghytten-ved-afrejse.pdf\">her.<\/a><\/p>\n","protected":false},"excerpt":{"rendered":"<div class=\"entry-summary\">\n<div class=\"entry-summary\">\nAlt udstyr til reng\u00f8ring findes i rummet bag k\u00f8kkenet. F\u00f8lgende skal reng\u00f8res&hellip;\n<\/div>\n<div class=\"link-more\"><a href=\"https:\/\/bjerghytten.allinitis.live\/index.php\/fra-ankomst-til-afrejse\/rengoering-af-bjerghytten-ved-afrejse\/\" class=\"more-link\">Continue reading<span class=\"screen-reader-text\"> &ldquo;Reng\u00f8ring af Bjerghytten ved afrejse&rdquo;<\/span>&hellip;<\/a><\/div>\n<\/div>\n<div class=\"link-more\"><a href=\"https:\/\/bjerghytten.allinitis.live\/index.php\/fra-ankomst-til-afrejse\/rengoering-af-bjerghytten-ved-afrejse\/\" class=\"more-link\">Continue reading<span class=\"screen-reader-text\"> &ldquo;Reng\u00f8ring af Bjerghytten ved afrejse&rdquo;<\/span>&hellip;<\/a><\/div>\n","protected":false},"author":2,"featured_media":0,"parent":14,"menu_order":2,"comment_status":"closed","ping_status":"closed","template":"template-full.php","meta":{"footnotes":""},"acf":[],"_links":{"self":[{"href":"https:\/\/bjerghytten.allinitis.live\/index.php\/wp-json\/wp\/v2\/pages\/217"}],"collection":[{"href":"https:\/\/bjerghytten.allinitis.live\/index.php\/wp-json\/wp\/v2\/pages"}],"about":[{"href":"https:\/\/bjerghytten.allinitis.live\/index.php\/wp-json\/wp\/v2\/types\/page"}],"author":[{"embeddable":true,"href":"https:\/\/bjerghytten.allinitis.live\/index.php\/wp-json\/wp\/v2\/users\/2"}],"replies":[{"embeddable":true,"href":"https:\/\/bjerghytten.allinitis.live\/index.php\/wp-json\/wp\/v2\/comments?post=217"}],"version-history":[{"count":0,"href":"https:\/\/bjerghytten.allinitis.live\/index.php\/wp-json\/wp\/v2\/pages\/217\/revisions"}],"up":[{"embeddable":true,"href":"https:\/\/bjerghytten.allinitis.live\/index.php\/wp-json\/wp\/v2\/pages\/14"}],"wp:attachment":[{"href":"https:\/\/bjerghytten.allinitis.live\/index.php\/wp-json\/wp\/v2\/media?parent=217"}],"curies":[{"name":"wp","href":"https:\/\/api.w.org\/{rel}","templated":true}]}}