{"id":214,"date":"2020-06-08T13:53:43","date_gmt":"2020-06-08T13:53:43","guid":{"rendered":"http:\/\/bjerghytten.dk\/?page_id=214"},"modified":"2020-06-08T13:53:43","modified_gmt":"2020-06-08T13:53:43","slug":"ordensregler","status":"publish","type":"page","link":"https:\/\/bjerghytten.allinitis.live\/index.php\/fra-ankomst-til-afrejse\/ordensregler\/","title":{"rendered":"Ordensregler"},"content":{"rendered":"<p><strong>St\u00f8j&nbsp;&nbsp;&nbsp;&nbsp;&nbsp;&nbsp;&nbsp;&nbsp;&nbsp;&nbsp;&nbsp;&nbsp;&nbsp;&nbsp;&nbsp;&nbsp;&nbsp;&nbsp;&nbsp;&nbsp;&nbsp;&nbsp;&nbsp;&nbsp;&nbsp;&nbsp;&nbsp;&nbsp;&nbsp;&nbsp;<\/strong>Der skal tages hensyn til naboerne. Det betyder, at det ikke er tilladt at larme udend\u00f8rs efter kl. 22.<\/p>\n<p>&nbsp;<\/p>\n<p><strong>Varme&nbsp;&nbsp;&nbsp;&nbsp;&nbsp;&nbsp;&nbsp;&nbsp;&nbsp;&nbsp;&nbsp;&nbsp;&nbsp;&nbsp;&nbsp;&nbsp;&nbsp;&nbsp;&nbsp;&nbsp;&nbsp;&nbsp;&nbsp;&nbsp;&nbsp;<\/strong>Se vejledningen ved m\u00e5lertavlen i lederv\u00e6relset ved k\u00f8kkenet og brug ellers varmepumpen<\/p>\n<p>&nbsp;<\/p>\n<p><strong>T\u00f8rring af t\u00f8j<\/strong>&nbsp;&nbsp;&nbsp;&nbsp;&nbsp;&nbsp;&nbsp;&nbsp;&nbsp;&nbsp;&nbsp; P\u00e5 grund af brandfare m\u00e5 der ikke h\u00e6nges t\u00f8j til t\u00f8rre p\u00e5 de elektriske radiatorer.<\/p>\n<p>&nbsp;<\/p>\n<p><strong>Ventilation<\/strong>&nbsp;&nbsp;&nbsp;&nbsp;&nbsp;&nbsp;&nbsp;&nbsp;&nbsp;&nbsp;&nbsp;&nbsp;&nbsp;&nbsp;&nbsp;&nbsp; S\u00f8rg for at lufte kraftigt ud et par gange om dagen. P\u00e5 denne m\u00e5de forbedres indeklimaet, og vi undg\u00e5r fugtskader p\u00e5 vinduer og v\u00e6gge.<\/p>\n<p>&nbsp;<\/p>\n<p><strong>Service&nbsp; &nbsp; &nbsp; &nbsp; &nbsp; &nbsp; &nbsp; &nbsp; &nbsp; &nbsp; &nbsp; &nbsp;&nbsp;<\/strong>Alle benyttede tallerkener, kopper, glas m.v. skal vaskes\/t\u00f8rres og&nbsp;stilles p\u00e5 plads efter brug.<\/p>\n<p>&nbsp;<\/p>\n<p><strong>Madrasser<\/strong>&nbsp; &nbsp; &nbsp; &nbsp; &nbsp; &nbsp; &nbsp; &nbsp; &nbsp; Madrasserne m\u00e5 under ingen omst\u00e6ndigheder bruges udend\u00f8rs.<\/p>\n<p>&nbsp;<\/p>\n<p><strong>Afl\u00e6sning af &nbsp;&nbsp;&nbsp;&nbsp;&nbsp;&nbsp;&nbsp;&nbsp;&nbsp;&nbsp;&nbsp;&nbsp; <\/strong>Ved ankomst og afrejse skal lejeren foretage afl\u00e6sning af el-m\u00e5ler og sende tallene til udlejer efter afrejsen.<\/p>\n<p>&nbsp;<\/p>\n<p><strong>Slutreng\u00f8ring<\/strong>&nbsp;&nbsp;&nbsp;&nbsp;&nbsp;&nbsp;&nbsp;&nbsp;&nbsp;&nbsp; Hvis der ikke er tilk\u00f8bt slutreng\u00f8ring, skal hytten reng\u00f8res inden afrejse \u2013 se reng\u00f8ringsprocedure p\u00e5 hjemmesiden under punktet \u2019Fra ankomst til afrejse\u2019<\/p>\n<p>&nbsp;<\/p>\n<p><strong>Terr\u00e6net<\/strong>&nbsp;&nbsp;&nbsp;&nbsp;&nbsp;&nbsp;&nbsp;&nbsp;&nbsp;&nbsp;&nbsp;&nbsp;&nbsp;&nbsp;&nbsp;&nbsp;&nbsp;&nbsp;&nbsp;&nbsp; Pas p\u00e5 planter, buske og tr\u00e6er. Du m\u00e5 ikke sk\u00e6re eller kn\u00e6kke grene af tr\u00e6er og buske. Evt. huller efter aktiviteter skal tild\u00e6kkes inden afrejse.<\/p>\n<p>&nbsp;<\/p>\n<p><strong>B\u00e5lsteder<\/strong>&nbsp; &nbsp; &nbsp; &nbsp; &nbsp; &nbsp; &nbsp; &nbsp; &nbsp; &nbsp; &nbsp;Benyt venligst de etablerede b\u00e5lsteder og br\u00e6nde fra br\u00e6ndeskuret<\/p>\n<p>&nbsp;<\/p>\n<p><strong>Affald<\/strong>&nbsp;&nbsp;&nbsp;&nbsp;&nbsp;&nbsp;&nbsp;&nbsp;&nbsp;&nbsp;&nbsp;&nbsp;&nbsp;&nbsp;&nbsp;&nbsp;&nbsp;&nbsp;&nbsp;&nbsp;&nbsp;&nbsp;&nbsp;&nbsp;&nbsp;&nbsp;&nbsp; Sort\u00e9r alt affald efter vejledningerne i affaldss\u00e6kkene fra Ringsted kommune. Andet affald skal i den bl\u00e5 container.<\/p>\n<p>&nbsp;<\/p>\n<p><strong>Container&nbsp; &nbsp; &nbsp; &nbsp; &nbsp; &nbsp; &nbsp; &nbsp; &nbsp; &nbsp;<\/strong>Hvis den bl\u00e5 affaldscontainer er fuld, s\u00e5 skriv en besked til udlejer p\u00e5 info@bjerghytten.dk<\/p>\n<p>&nbsp;<\/p>\n<p><strong>Vand<\/strong>&nbsp;&nbsp;&nbsp;&nbsp;&nbsp;&nbsp;&nbsp;&nbsp;&nbsp;&nbsp;&nbsp;&nbsp;&nbsp;&nbsp;&nbsp;&nbsp;&nbsp;&nbsp;&nbsp;&nbsp;&nbsp;&nbsp;&nbsp;&nbsp;&nbsp;&nbsp;&nbsp;&nbsp;&nbsp; Afhentning af vand til lejrplads kan ske ved udend\u00f8rsvandhanen (ved k\u00f8kkenvinduet). Al opvask skal foreg\u00e5 i k\u00f8kkenet eller p\u00e5 lejrplads.<\/p>\n<p>&nbsp;<\/p>\n<p><strong>Rafter<\/strong>&nbsp;&nbsp;&nbsp;&nbsp;&nbsp;&nbsp;&nbsp;&nbsp;&nbsp;&nbsp;&nbsp;&nbsp;&nbsp;&nbsp;&nbsp;&nbsp;&nbsp;&nbsp;&nbsp;&nbsp;&nbsp;&nbsp;&nbsp;&nbsp;&nbsp;&nbsp;&nbsp; Alle rafter skal efter brug returneres til rafteg\u00e5rden. Der m\u00e5 ikke saves i rafterne.<\/p>\n<p>&nbsp;<\/p>\n<p><strong>Br\u00e6nde<\/strong>&nbsp;&nbsp;&nbsp;&nbsp;&nbsp;&nbsp;&nbsp;&nbsp;&nbsp;&nbsp;&nbsp;&nbsp;&nbsp;&nbsp;&nbsp;&nbsp;&nbsp;&nbsp;&nbsp;&nbsp;&nbsp;&nbsp;&nbsp; Findes i br\u00e6ndeskuret. Ikke forbrugt br\u00e6nde skal inden afrejse l\u00e6gges i br\u00e6ndeskuret. Der m\u00e5 IKKE saves i rafterne.<\/p>\n<p>&nbsp;<\/p>\n<p><strong>F\u00e6rdsel<\/strong>&nbsp;&nbsp;&nbsp;&nbsp;&nbsp;&nbsp;&nbsp;&nbsp;&nbsp;&nbsp;&nbsp;&nbsp;&nbsp;&nbsp;&nbsp;&nbsp;&nbsp;&nbsp;&nbsp;&nbsp;&nbsp;&nbsp;&nbsp; F\u00e6rdsel m\u00e5 foreg\u00e5 p\u00e5 offentlige veje og stier og p\u00e5 Bjerghyttens grund, men IKKE p\u00e5 de omkringliggende arealer \u2013 de er alle fredede og privatejede. I kan bruge&nbsp;Oplevelsesstien eller den n\u00e6rliggende Humleore Skov (lav en aftale med skovfogeden). L\u00e6s mere p\u00e5 hjemmesiden under \u2019Udflugter\u2019. &nbsp;&nbsp;&nbsp;&nbsp;&nbsp;&nbsp;&nbsp;&nbsp;&nbsp;&nbsp;&nbsp; &nbsp;<\/p>\n<p><strong><em>&nbsp;<\/em><\/strong><\/p>\n<p><strong><em>Lejeren er ansvarlig for, at reglementet er kendt af alle deltagere og at reglerne overholdes.<\/em><\/strong><\/p>\n","protected":false},"excerpt":{"rendered":"<div class=\"entry-summary\">\n<div class=\"entry-summary\">\nSt\u00f8j&nbsp;&nbsp;&nbsp;&nbsp;&nbsp;&nbsp;&nbsp;&nbsp;&nbsp;&nbsp;&nbsp;&nbsp;&nbsp;&nbsp;&nbsp;&nbsp;&nbsp;&nbsp;&nbsp;&nbsp;&nbsp;&nbsp;&nbsp;&nbsp;&nbsp;&nbsp;&nbsp;&nbsp;&nbsp;&nbsp;Der skal tages hensyn til naboerne. Det betyder, at det ikke er&hellip;\n<\/div>\n<div class=\"link-more\"><a href=\"https:\/\/bjerghytten.allinitis.live\/index.php\/fra-ankomst-til-afrejse\/ordensregler\/\" class=\"more-link\">Continue reading<span class=\"screen-reader-text\"> &ldquo;Ordensregler&rdquo;<\/span>&hellip;<\/a><\/div>\n<\/div>\n<div class=\"link-more\"><a href=\"https:\/\/bjerghytten.allinitis.live\/index.php\/fra-ankomst-til-afrejse\/ordensregler\/\" class=\"more-link\">Continue reading<span class=\"screen-reader-text\"> &ldquo;Ordensregler&rdquo;<\/span>&hellip;<\/a><\/div>\n","protected":false},"author":2,"featured_media":0,"parent":14,"menu_order":1,"comment_status":"closed","ping_status":"closed","template":"template-full.php","meta":{"footnotes":""},"acf":[],"_links":{"self":[{"href":"https:\/\/bjerghytten.allinitis.live\/index.php\/wp-json\/wp\/v2\/pages\/214"}],"collection":[{"href":"https:\/\/bjerghytten.allinitis.live\/index.php\/wp-json\/wp\/v2\/pages"}],"about":[{"href":"https:\/\/bjerghytten.allinitis.live\/index.php\/wp-json\/wp\/v2\/types\/page"}],"author":[{"embeddable":true,"href":"https:\/\/bjerghytten.allinitis.live\/index.php\/wp-json\/wp\/v2\/users\/2"}],"replies":[{"embeddable":true,"href":"https:\/\/bjerghytten.allinitis.live\/index.php\/wp-json\/wp\/v2\/comments?post=214"}],"version-history":[{"count":0,"href":"https:\/\/bjerghytten.allinitis.live\/index.php\/wp-json\/wp\/v2\/pages\/214\/revisions"}],"up":[{"embeddable":true,"href":"https:\/\/bjerghytten.allinitis.live\/index.php\/wp-json\/wp\/v2\/pages\/14"}],"wp:attachment":[{"href":"https:\/\/bjerghytten.allinitis.live\/index.php\/wp-json\/wp\/v2\/media?parent=214"}],"curies":[{"name":"wp","href":"https:\/\/api.w.org\/{rel}","templated":true}]}}