{"id":14,"date":"2013-03-10T09:45:30","date_gmt":"2013-03-10T09:45:30","guid":{"rendered":"http:\/\/bjerghytten.dk\/?page_id=14"},"modified":"2013-03-10T09:45:30","modified_gmt":"2013-03-10T09:45:30","slug":"fra-ankomst-til-afrejse","status":"publish","type":"page","link":"https:\/\/bjerghytten.allinitis.live\/index.php\/fra-ankomst-til-afrejse\/","title":{"rendered":"Fra ankomst til afrejse"},"content":{"rendered":"<p><strong>N\u00e5r I kommer:<\/strong><br \/>\nN\u00f8gle til Bjerghytten er placeret i en n\u00f8gleboks mellem k\u00f8kkend\u00f8r og k\u00f8kkenvindue. Koden til n\u00f8gleboksen fremsendes pr. mail n\u00e5r hytten er lejet og betalt.&nbsp;<br \/>\nEl-m\u00e5ler afl\u00e6ses ved ankomst. Elm\u00e5ler findes udenfor til venstre for k\u00f8kkend\u00f8ren. Forbrug af el vil blive afregnet til de g\u00e6ldende satser. Bel\u00f8bet vil blive modregnet i indbetalt depositum. Husk at skrive alle tal som vises p\u00e5 elm\u00e5leren.<\/p>\n<p><strong>F\u00f8r I rejser:<br \/>\n<\/strong>Hytten skal v\u00e6re rengjort ved afrejsen og affald puttet i skraldes\u00e6kke eller container.<\/p>\n<p>N\u00f8gle efterlades i n\u00f8gleboksen. Husk at lukke boksen og &#8216;nulstille&#8217; koden, s\u00e5ledes at den ikke er \u00e5ben hele tiden ogs\u00e5 ved afrejse.<\/p>\n<p>El-m\u00e5ler afl\u00e6ses ved afrejse og afl\u00e6sning fra ankomst og afrejse sendes til udlejer hurtigst muligt efter opholdet.<br \/>\nForbrugsafgifter samt evt. beskadigelser og reng\u00f8ring vil blive modregnet ved tilbagebetaling af depositum.<\/p>\n<p>Afl\u00e6sningsskema skal sendes til udlejeren hurtigst muligt efter opholdet.<\/p>\n<p>Guide til slutreng\u00f8ring findes p\u00e5 hjemmesiden:&nbsp;<a href=\"http:\/\/bjerghytten.dk\/?page_id=217\">http:\/\/bjerghytten.dk\/?page_id=217&nbsp;<\/a><\/p>\n<p>Slutreng\u00f8ring kan ogs\u00e5 bestilles for kr. 1.500,00<\/p>\n","protected":false},"excerpt":{"rendered":"<div class=\"entry-summary\">\n<div class=\"entry-summary\">\nN\u00e5r I kommer: N\u00f8gle til Bjerghytten er placeret i en n\u00f8gleboks mellem&hellip;\n<\/div>\n<div class=\"link-more\"><a href=\"https:\/\/bjerghytten.allinitis.live\/index.php\/fra-ankomst-til-afrejse\/\" class=\"more-link\">Continue reading<span class=\"screen-reader-text\"> &ldquo;Fra ankomst til afrejse&rdquo;<\/span>&hellip;<\/a><\/div>\n<\/div>\n<div class=\"link-more\"><a href=\"https:\/\/bjerghytten.allinitis.live\/index.php\/fra-ankomst-til-afrejse\/\" class=\"more-link\">Continue reading<span class=\"screen-reader-text\"> &ldquo;Fra ankomst til afrejse&rdquo;<\/span>&hellip;<\/a><\/div>\n","protected":false},"author":2,"featured_media":0,"parent":0,"menu_order":0,"comment_status":"closed","ping_status":"closed","template":"template-full.php","meta":{"footnotes":""},"acf":[],"_links":{"self":[{"href":"https:\/\/bjerghytten.allinitis.live\/index.php\/wp-json\/wp\/v2\/pages\/14"}],"collection":[{"href":"https:\/\/bjerghytten.allinitis.live\/index.php\/wp-json\/wp\/v2\/pages"}],"about":[{"href":"https:\/\/bjerghytten.allinitis.live\/index.php\/wp-json\/wp\/v2\/types\/page"}],"author":[{"embeddable":true,"href":"https:\/\/bjerghytten.allinitis.live\/index.php\/wp-json\/wp\/v2\/users\/2"}],"replies":[{"embeddable":true,"href":"https:\/\/bjerghytten.allinitis.live\/index.php\/wp-json\/wp\/v2\/comments?post=14"}],"version-history":[{"count":0,"href":"https:\/\/bjerghytten.allinitis.live\/index.php\/wp-json\/wp\/v2\/pages\/14\/revisions"}],"wp:attachment":[{"href":"https:\/\/bjerghytten.allinitis.live\/index.php\/wp-json\/wp\/v2\/media?parent=14"}],"curies":[{"name":"wp","href":"https:\/\/api.w.org\/{rel}","templated":true}]}}