{"id":12,"date":"2013-03-10T09:44:43","date_gmt":"2013-03-10T09:44:43","guid":{"rendered":"http:\/\/bjerghytten.dk\/?page_id=12"},"modified":"2023-07-13T18:46:36","modified_gmt":"2023-07-13T18:46:36","slug":"udlejebooking","status":"publish","type":"page","link":"https:\/\/bjerghytten.allinitis.live\/index.php\/udlejebooking\/","title":{"rendered":"Udlejning &#038; priser"},"content":{"rendered":"\n<p>Hytten er ejet af De Gr\u00f8nne Pigespejdere i Ringsted Kommune og kan lejes af foreninger, b\u00f8rnehaver, skoler og lignende.<\/p>\n\n\n\n<p>Se i kalenderen p\u00e5 forsiden, hvorn\u00e5r Bjerghytten er ledig. Det er ogs\u00e5 herigennem du reserverer hytten.&nbsp;Ved sp\u00f8rgsm\u00e5l kontakt udlejer Ina Lindemark p\u00e5 mail info@bjerghytten.dk<\/p>\n\n\n\n<p>Depositum: <strong>1.500 kr<\/strong>. (refunderes efter endt leje, n\u00e5r hytten afleveres i godkendt stand)<\/p>\n\n\n\n<p>Lejepris pr. dag: <strong>1.000 kr. mandag til torsdag<\/strong> (for reservationer foretaget f\u00f8r 10\/9-22 dog&nbsp;900 kr. mandag-torsdag)<\/p>\n\n\n\n<p>Lejepris pr. dag: <strong>1.200 kr. fredag til s\u00f8ndag&nbsp;<\/strong>(for reservationer foretaget f\u00f8r 10\/9-22 dog 1.000 kr. fredag-s\u00f8ndag)<\/p>\n\n\n\n<p>S\u00e6rpris i skolernes sommerferie. Kontakt udlejer for n\u00e6rmere information p\u00e5 info@bjerghytten.dk&nbsp;<\/p>\n\n\n\n<p>El betales efter forbrug. (modregnes i depositum)<\/p>\n\n\n\n<p>Reng\u00f8ring kan tilk\u00f8bes. Pris 1.500 kr. Skal bestilles min. 8 dage inden ankomst.<\/p>\n\n\n\n<p>Hytten er f\u00f8rst endeligt reserveret, n\u00e5r depositum er modtaget. Depositum refunderes efter endt leje, n\u00e5r hytten afleveres i godkendt stand. Forbrug af el modregnes i depositum.<\/p>\n\n\n\n<p>Lejen skal indbetales senest 6 uger inden leje p\u00e5 vores konto. Regning for leje fremsendes i separat e-mail.<\/p>\n\n\n\n<p>I r\u00e5der over hytten hele d\u00f8gnet de dage, I har lejet hytten, og kan derfor ankomme og afrejse n\u00e5r det passer jer.&nbsp;<\/p>\n\n\n\n<p><strong>Vilk\u00e5r for lejem\u00e5let:&nbsp;<\/strong><\/p>\n\n\n\n<p>Lejeren er personlig ansvarlig for enhver form for mangler og beskadigelser, som indtr\u00e6ffer i lejeperioden, og er pligtig til at d\u00e6kke alle udgifter i forbindelse med disses udbedringer.<\/p>\n\n\n\n<p>Hvis det bliver n\u00f8dvendigt at annullere en kontrakt, skal der hurtigst muligt rettes henvendelse til udlejeren. Der vil blive modregnet et afbestillingsgebyr p\u00e5 200 kr. ved returnering af indbetalte bel\u00f8b, hvis afbestillingen sker mindst 6 uger f\u00f8r lejeperiodens start.<\/p>\n\n\n\n<p>Hvis afbestillingen sker mindre end 6 uger f\u00f8r lejeperiodens start, vil lejebel\u00f8bet blive tilbageholdt, medmindre der opst\u00e5r mulighed for at gennemf\u00f8re lejem\u00e5let med en anden lejer.&nbsp;Indtr\u00e6der en ny lejer i lejem\u00e5let vil der blive modregnet et afbestillingsgebyr p\u00e5 200 kr. ved returnering af indbetalte bel\u00f8b.<\/p>\n\n\n\n<p>Hvis der efterf\u00f8lgende konstateres manglende reng\u00f8ring vil dette blive faktureret til g\u00e6ldende timepris. Forbrugsafgifter, reng\u00f8ring samt evt. beskadigelser vil blive modregnet ved tilbagebetaling af depositum.<\/p>\n","protected":false},"excerpt":{"rendered":"<div class=\"entry-summary\">\n<div class=\"entry-summary\">\nHytten er ejet af De Gr\u00f8nne Pigespejdere i Ringsted Kommune og kan&hellip;\n<\/div>\n<div class=\"link-more\"><a href=\"https:\/\/bjerghytten.allinitis.live\/index.php\/udlejebooking\/\" class=\"more-link\">Continue reading<span class=\"screen-reader-text\"> &ldquo;Udlejning &#038; priser&rdquo;<\/span>&hellip;<\/a><\/div>\n<\/div>\n<div class=\"link-more\"><a href=\"https:\/\/bjerghytten.allinitis.live\/index.php\/udlejebooking\/\" class=\"more-link\">Continue reading<span class=\"screen-reader-text\"> &ldquo;Udlejning &#038; priser&rdquo;<\/span>&hellip;<\/a><\/div>\n","protected":false},"author":2,"featured_media":0,"parent":0,"menu_order":0,"comment_status":"closed","ping_status":"closed","template":"","meta":{"footnotes":""},"acf":[],"_links":{"self":[{"href":"https:\/\/bjerghytten.allinitis.live\/index.php\/wp-json\/wp\/v2\/pages\/12"}],"collection":[{"href":"https:\/\/bjerghytten.allinitis.live\/index.php\/wp-json\/wp\/v2\/pages"}],"about":[{"href":"https:\/\/bjerghytten.allinitis.live\/index.php\/wp-json\/wp\/v2\/types\/page"}],"author":[{"embeddable":true,"href":"https:\/\/bjerghytten.allinitis.live\/index.php\/wp-json\/wp\/v2\/users\/2"}],"replies":[{"embeddable":true,"href":"https:\/\/bjerghytten.allinitis.live\/index.php\/wp-json\/wp\/v2\/comments?post=12"}],"version-history":[{"count":1,"href":"https:\/\/bjerghytten.allinitis.live\/index.php\/wp-json\/wp\/v2\/pages\/12\/revisions"}],"predecessor-version":[{"id":587,"href":"https:\/\/bjerghytten.allinitis.live\/index.php\/wp-json\/wp\/v2\/pages\/12\/revisions\/587"}],"wp:attachment":[{"href":"https:\/\/bjerghytten.allinitis.live\/index.php\/wp-json\/wp\/v2\/media?parent=12"}],"curies":[{"name":"wp","href":"https:\/\/api.w.org\/{rel}","templated":true}]}}